{"id":8630,"date":"2022-11-22T17:32:47","date_gmt":"2022-11-22T14:32:47","guid":{"rendered":"https:\/\/www.allsences.com\/?post_type=product&#038;p=8630"},"modified":"2023-04-28T09:59:43","modified_gmt":"2023-04-28T06:59:43","slug":"allsences-golden-cloud-earring","status":"publish","type":"product","link":"https:\/\/www.allsences.com\/en\/product\/allsences-golden-cloud-earring\/","title":{"rendered":"Allsences Golden Cloud Earring"},"content":{"rendered":"","protected":false},"excerpt":{"rendered":"<p>Alt\u0131n varak detayl\u0131 el yap\u0131m\u0131 \u00e7ok hafif epoksi k\u00fcpe. <\/p>\n<p>\u00dcr\u00fcn Boyu 9 Cm<\/p>\n<p>%100 Epoksi<\/p>","protected":false},"featured_media":8631,"template":"","meta":{"_sitemap_exclude":false,"_sitemap_priority":"","_sitemap_frequency":""},"product_brand":[],"product_cat":[78,77],"product_tag":[],"class_list":{"0":"post-8630","1":"product","2":"type-product","3":"status-publish","4":"has-post-thumbnail","6":"product_cat-aksesuarlar-winter-wind","7":"product_cat-winter-wind","9":"first","10":"outofstock","11":"shipping-taxable","12":"purchasable","13":"product-type-simple"},"_links":{"self":[{"href":"https:\/\/www.allsences.com\/en\/wp-json\/wp\/v2\/product\/8630","targetHints":{"allow":["GET"]}}],"collection":[{"href":"https:\/\/www.allsences.com\/en\/wp-json\/wp\/v2\/product"}],"about":[{"href":"https:\/\/www.allsences.com\/en\/wp-json\/wp\/v2\/types\/product"}],"wp:featuredmedia":[{"embeddable":true,"href":"https:\/\/www.allsences.com\/en\/wp-json\/wp\/v2\/media\/8631"}],"wp:attachment":[{"href":"https:\/\/www.allsences.com\/en\/wp-json\/wp\/v2\/media?parent=8630"}],"wp:term":[{"taxonomy":"product_brand","embeddable":true,"href":"https:\/\/www.allsences.com\/en\/wp-json\/wp\/v2\/product_brand?post=8630"},{"taxonomy":"product_cat","embeddable":true,"href":"https:\/\/www.allsences.com\/en\/wp-json\/wp\/v2\/product_cat?post=8630"},{"taxonomy":"product_tag","embeddable":true,"href":"https:\/\/www.allsences.com\/en\/wp-json\/wp\/v2\/product_tag?post=8630"}],"curies":[{"name":"wp","href":"https:\/\/api.w.org\/{rel}","templated":true}]}}