{"id":8646,"date":"2022-11-22T17:44:04","date_gmt":"2022-11-22T14:44:04","guid":{"rendered":"https:\/\/www.allsences.com\/?post_type=product&#038;p=8646"},"modified":"2023-04-28T10:00:10","modified_gmt":"2023-04-28T07:00:10","slug":"allsences-golden-star-earring","status":"publish","type":"product","link":"https:\/\/www.allsences.com\/en\/product\/allsences-golden-star-earring\/","title":{"rendered":"Allsences Golden Star Earring"},"content":{"rendered":"","protected":false},"excerpt":{"rendered":"<p>\u00c7elik \u00fczeri alt\u0131n kaplama y\u0131ld\u0131z k\u00fcpe.<br \/>\nAnti alerjiktir.Hafif oldu\u011fundan g\u00fcn boyu rahatl\u0131kla kullanabilirsiniz.<br \/>\nKararma ve renk de\u011fi\u015fikli\u011fi yapmaz,\u00fczerine direkt parf\u00fcm s\u0131k\u0131lmamas\u0131n\u0131<br \/>\n\u00f6neriyoruz.<\/p>\n<p>\u00dcr\u00fcn boyutu 8 Cm<\/p>\n<p>%100 \u00c7elik<\/p>","protected":false},"featured_media":8647,"template":"","meta":{"_sitemap_exclude":false,"_sitemap_priority":"","_sitemap_frequency":""},"product_brand":[],"product_cat":[78,77],"product_tag":[],"class_list":{"0":"post-8646","1":"product","2":"type-product","3":"status-publish","4":"has-post-thumbnail","6":"product_cat-aksesuarlar-winter-wind","7":"product_cat-winter-wind","9":"first","10":"outofstock","11":"shipping-taxable","12":"purchasable","13":"product-type-simple"},"_links":{"self":[{"href":"https:\/\/www.allsences.com\/en\/wp-json\/wp\/v2\/product\/8646","targetHints":{"allow":["GET"]}}],"collection":[{"href":"https:\/\/www.allsences.com\/en\/wp-json\/wp\/v2\/product"}],"about":[{"href":"https:\/\/www.allsences.com\/en\/wp-json\/wp\/v2\/types\/product"}],"wp:featuredmedia":[{"embeddable":true,"href":"https:\/\/www.allsences.com\/en\/wp-json\/wp\/v2\/media\/8647"}],"wp:attachment":[{"href":"https:\/\/www.allsences.com\/en\/wp-json\/wp\/v2\/media?parent=8646"}],"wp:term":[{"taxonomy":"product_brand","embeddable":true,"href":"https:\/\/www.allsences.com\/en\/wp-json\/wp\/v2\/product_brand?post=8646"},{"taxonomy":"product_cat","embeddable":true,"href":"https:\/\/www.allsences.com\/en\/wp-json\/wp\/v2\/product_cat?post=8646"},{"taxonomy":"product_tag","embeddable":true,"href":"https:\/\/www.allsences.com\/en\/wp-json\/wp\/v2\/product_tag?post=8646"}],"curies":[{"name":"wp","href":"https:\/\/api.w.org\/{rel}","templated":true}]}}