{"id":8656,"date":"2022-11-22T17:50:04","date_gmt":"2022-11-22T14:50:04","guid":{"rendered":"https:\/\/www.allsences.com\/?post_type=product&#038;p=8656"},"modified":"2023-04-28T10:00:26","modified_gmt":"2023-04-28T07:00:26","slug":"allsences-golden-tale-chain","status":"publish","type":"product","link":"https:\/\/www.allsences.com\/en\/product\/allsences-golden-tale-chain\/","title":{"rendered":"Allsences Golden Tale Chain"},"content":{"rendered":"","protected":false},"excerpt":{"rendered":"<p>\u00c7elik \u00fczeri alt\u0131n kaplama zincir kolye.<br \/>\nUzun s\u00fcre ayn\u0131 parlakl\u0131kta kullan\u0131lmas\u0131 i\u00e7in parf\u00fcm ve benzeri kimyasallar<br \/>\nile temas\u0131ndan kac\u0131nman\u0131z\u0131 taviseye ederiz.<\/p>\n<p>\u00dcr\u00fcn Boyutu 45 Cm<\/p>\n<p>%100 \u00c7elik<\/p>","protected":false},"featured_media":8657,"template":"","meta":{"_sitemap_exclude":false,"_sitemap_priority":"","_sitemap_frequency":""},"product_brand":[],"product_cat":[78,77],"product_tag":[],"class_list":{"0":"post-8656","1":"product","2":"type-product","3":"status-publish","4":"has-post-thumbnail","6":"product_cat-aksesuarlar-winter-wind","7":"product_cat-winter-wind","9":"first","10":"outofstock","11":"shipping-taxable","12":"purchasable","13":"product-type-simple"},"_links":{"self":[{"href":"https:\/\/www.allsences.com\/en\/wp-json\/wp\/v2\/product\/8656","targetHints":{"allow":["GET"]}}],"collection":[{"href":"https:\/\/www.allsences.com\/en\/wp-json\/wp\/v2\/product"}],"about":[{"href":"https:\/\/www.allsences.com\/en\/wp-json\/wp\/v2\/types\/product"}],"wp:featuredmedia":[{"embeddable":true,"href":"https:\/\/www.allsences.com\/en\/wp-json\/wp\/v2\/media\/8657"}],"wp:attachment":[{"href":"https:\/\/www.allsences.com\/en\/wp-json\/wp\/v2\/media?parent=8656"}],"wp:term":[{"taxonomy":"product_brand","embeddable":true,"href":"https:\/\/www.allsences.com\/en\/wp-json\/wp\/v2\/product_brand?post=8656"},{"taxonomy":"product_cat","embeddable":true,"href":"https:\/\/www.allsences.com\/en\/wp-json\/wp\/v2\/product_cat?post=8656"},{"taxonomy":"product_tag","embeddable":true,"href":"https:\/\/www.allsences.com\/en\/wp-json\/wp\/v2\/product_tag?post=8656"}],"curies":[{"name":"wp","href":"https:\/\/api.w.org\/{rel}","templated":true}]}}