{"id":8839,"date":"2023-04-26T13:01:48","date_gmt":"2023-04-26T10:01:48","guid":{"rendered":"https:\/\/www.allsences.com\/?post_type=product&#038;p=8839"},"modified":"2024-09-30T16:25:32","modified_gmt":"2024-09-30T13:25:32","slug":"allsences-stella-beige-vest","status":"publish","type":"product","link":"https:\/\/www.allsences.com\/en\/product\/allsences-stella-beige-vest\/","title":{"rendered":"Allsences Stella Beige Vest"},"content":{"rendered":"","protected":false},"excerpt":{"rendered":"<p>Allsences kad\u0131n\u0131n\u0131n enerjisini y\u00fckselten crop yelek<br \/>\n\u00d6nden iki kapakl\u0131 cep metal d\u00fc\u011fme detayl\u0131 yelek<\/p>\n<p>%90 Coton %10 Elestan<br \/>\nModel Height: 177 cm Size: 36<\/p>\n<p><a title=\"Trendyol'da sat\u0131n al\" href=\"https:\/\/www.trendyol.com\/pd\/allsences\/stella-beige-vest-p-696730213?boutiqueId=61&amp;merchantId=771583&amp;filterOverPriceListings=false\" target=\"_blank\" rel=\"noopener\"><img loading=\"lazy\" decoding=\"async\" class=\"alignnone wp-image-8760\" src=\"https:\/\/www.allsences.com\/wp-content\/uploads\/2022\/11\/Trendyol_online.png\" alt=\"Trendyol'da sat\u0131n al\" width=\"181\" height=\"61\" srcset=\"https:\/\/www.allsences.com\/wp-content\/uploads\/2022\/11\/Trendyol_online.png 640w, https:\/\/www.allsences.com\/wp-content\/uploads\/2022\/11\/Trendyol_online-400x135.png 400w, https:\/\/www.allsences.com\/wp-content\/uploads\/2022\/11\/Trendyol_online-18x6.png 18w, https:\/\/www.allsences.com\/wp-content\/uploads\/2022\/11\/Trendyol_online-430x145.png 430w, https:\/\/www.allsences.com\/wp-content\/uploads\/2022\/11\/Trendyol_online-150x51.png 150w\" sizes=\"auto, (max-width: 181px) 100vw, 181px\" \/><\/a><\/p>","protected":false},"featured_media":8843,"template":"","meta":{"_sitemap_exclude":false,"_sitemap_priority":"","_sitemap_frequency":""},"product_brand":[],"product_cat":[80],"product_tag":[],"class_list":{"0":"post-8839","1":"product","2":"type-product","3":"status-publish","4":"has-post-thumbnail","6":"product_cat-rainbow","8":"first","9":"outofstock","10":"shipping-taxable","11":"purchasable","12":"product-type-variable"},"_links":{"self":[{"href":"https:\/\/www.allsences.com\/en\/wp-json\/wp\/v2\/product\/8839","targetHints":{"allow":["GET"]}}],"collection":[{"href":"https:\/\/www.allsences.com\/en\/wp-json\/wp\/v2\/product"}],"about":[{"href":"https:\/\/www.allsences.com\/en\/wp-json\/wp\/v2\/types\/product"}],"wp:featuredmedia":[{"embeddable":true,"href":"https:\/\/www.allsences.com\/en\/wp-json\/wp\/v2\/media\/8843"}],"wp:attachment":[{"href":"https:\/\/www.allsences.com\/en\/wp-json\/wp\/v2\/media?parent=8839"}],"wp:term":[{"taxonomy":"product_brand","embeddable":true,"href":"https:\/\/www.allsences.com\/en\/wp-json\/wp\/v2\/product_brand?post=8839"},{"taxonomy":"product_cat","embeddable":true,"href":"https:\/\/www.allsences.com\/en\/wp-json\/wp\/v2\/product_cat?post=8839"},{"taxonomy":"product_tag","embeddable":true,"href":"https:\/\/www.allsences.com\/en\/wp-json\/wp\/v2\/product_tag?post=8839"}],"curies":[{"name":"wp","href":"https:\/\/api.w.org\/{rel}","templated":true}]}}