{"id":8874,"date":"2023-04-26T13:25:30","date_gmt":"2023-04-26T10:25:30","guid":{"rendered":"https:\/\/www.allsences.com\/?post_type=product&#038;p=8874"},"modified":"2025-02-24T14:12:33","modified_gmt":"2025-02-24T11:12:33","slug":"allsences-emmy-blue-suit","status":"publish","type":"product","link":"https:\/\/www.allsences.com\/en\/product\/allsences-emmy-blue-suit\/","title":{"rendered":"Allsences Emmy Blue Suit"},"content":{"rendered":"","protected":false},"excerpt":{"rendered":"<p>Yaz aylar\u0131na hareketli Allsences tak\u0131mlar\u0131yla uyum sa\u011flay\u0131n,<br \/>\nBelden 5 cm lastikli coton biye detayl\u0131 \u00f6nden d\u00fc\u011fmeli \u015fort etek<\/p>\n<p>%50 Viskon %50 Pes<br \/>\nModel Height: 177 cm Size: 36<\/p>\n<p><a title=\"Trendyol'da sat\u0131n al\" href=\"https:\/\/www.trendyol.com\/pd\/allsences\/emmy-blue-suit-p-696732822?boutiqueId=61&amp;merchantId=771583&amp;filterOverPriceListings=false\" target=\"_blank\" rel=\"noopener\"><img loading=\"lazy\" decoding=\"async\" class=\"alignnone wp-image-8760\" src=\"https:\/\/www.allsences.com\/wp-content\/uploads\/2022\/11\/Trendyol_online.png\" alt=\"Trendyol'da sat\u0131n al\" width=\"181\" height=\"61\" srcset=\"https:\/\/www.allsences.com\/wp-content\/uploads\/2022\/11\/Trendyol_online.png 640w, https:\/\/www.allsences.com\/wp-content\/uploads\/2022\/11\/Trendyol_online-400x135.png 400w, https:\/\/www.allsences.com\/wp-content\/uploads\/2022\/11\/Trendyol_online-18x6.png 18w, https:\/\/www.allsences.com\/wp-content\/uploads\/2022\/11\/Trendyol_online-430x145.png 430w, https:\/\/www.allsences.com\/wp-content\/uploads\/2022\/11\/Trendyol_online-150x51.png 150w\" sizes=\"auto, (max-width: 181px) 100vw, 181px\" \/><\/a><\/p>","protected":false},"featured_media":8877,"template":"","meta":{"_sitemap_exclude":false,"_sitemap_priority":"","_sitemap_frequency":""},"product_brand":[],"product_cat":[82],"product_tag":[],"class_list":{"0":"post-8874","1":"product","2":"type-product","3":"status-publish","4":"has-post-thumbnail","6":"product_cat-neon-glow","8":"first","9":"instock","10":"shipping-taxable","11":"purchasable","12":"product-type-variable"},"_links":{"self":[{"href":"https:\/\/www.allsences.com\/en\/wp-json\/wp\/v2\/product\/8874","targetHints":{"allow":["GET"]}}],"collection":[{"href":"https:\/\/www.allsences.com\/en\/wp-json\/wp\/v2\/product"}],"about":[{"href":"https:\/\/www.allsences.com\/en\/wp-json\/wp\/v2\/types\/product"}],"wp:featuredmedia":[{"embeddable":true,"href":"https:\/\/www.allsences.com\/en\/wp-json\/wp\/v2\/media\/8877"}],"wp:attachment":[{"href":"https:\/\/www.allsences.com\/en\/wp-json\/wp\/v2\/media?parent=8874"}],"wp:term":[{"taxonomy":"product_brand","embeddable":true,"href":"https:\/\/www.allsences.com\/en\/wp-json\/wp\/v2\/product_brand?post=8874"},{"taxonomy":"product_cat","embeddable":true,"href":"https:\/\/www.allsences.com\/en\/wp-json\/wp\/v2\/product_cat?post=8874"},{"taxonomy":"product_tag","embeddable":true,"href":"https:\/\/www.allsences.com\/en\/wp-json\/wp\/v2\/product_tag?post=8874"}],"curies":[{"name":"wp","href":"https:\/\/api.w.org\/{rel}","templated":true}]}}