{"id":9314,"date":"2023-12-15T15:14:07","date_gmt":"2023-12-15T12:14:07","guid":{"rendered":"https:\/\/www.allsences.com\/?post_type=product&#038;p=9314"},"modified":"2024-01-08T16:47:55","modified_gmt":"2024-01-08T13:47:55","slug":"allsences-bumber-tan-jacket","status":"publish","type":"product","link":"https:\/\/www.allsences.com\/en\/product\/allsences-bumber-tan-jacket\/","title":{"rendered":"Allsences Bomber Tan Jacket"},"content":{"rendered":"","protected":false},"excerpt":{"rendered":"<p>Her mevsim giyilebilen pratik ve \u015f\u0131k bir d\u0131\u015f giyim par\u00e7as\u0131.<br \/>\n\u00d6nden iki cepli, nikel d\u00fc\u011fmeli.<\/p>\n<p>%50 Wool %50 Pes<br \/>\nModel Boy: 175 cm Beden: 36<\/p>\n<p><a title=\"Trendyol'da sat\u0131n al\" href=\"https:\/\/www.trendyol.com\/allsences\/bumber-tan-jacket-p-790050835?boutiqueId=61&#038;merchantId=771583&#038;filterOverPriceListings=false&#038;sav=true\" target=\"_blank\" rel=\"noopener\"><img loading=\"lazy\" decoding=\"async\" class=\"alignnone wp-image-8760\" src=\"https:\/\/www.allsences.com\/wp-content\/uploads\/2022\/11\/Trendyol_online.png\" alt=\"Trendyol'da sat\u0131n al\" width=\"181\" height=\"61\" srcset=\"https:\/\/www.allsences.com\/wp-content\/uploads\/2022\/11\/Trendyol_online.png 640w, https:\/\/www.allsences.com\/wp-content\/uploads\/2022\/11\/Trendyol_online-400x135.png 400w, https:\/\/www.allsences.com\/wp-content\/uploads\/2022\/11\/Trendyol_online-18x6.png 18w, https:\/\/www.allsences.com\/wp-content\/uploads\/2022\/11\/Trendyol_online-430x145.png 430w, https:\/\/www.allsences.com\/wp-content\/uploads\/2022\/11\/Trendyol_online-150x51.png 150w\" sizes=\"auto, (max-width: 181px) 100vw, 181px\" \/><\/a><\/p>","protected":false},"featured_media":9319,"template":"","meta":{"_sitemap_exclude":false,"_sitemap_priority":"","_sitemap_frequency":""},"product_brand":[],"product_cat":[81],"product_tag":[],"class_list":{"0":"post-9314","1":"product","2":"type-product","3":"status-publish","4":"has-post-thumbnail","6":"product_cat-new-spirit","8":"first","9":"outofstock","10":"shipping-taxable","11":"purchasable","12":"product-type-variable"},"_links":{"self":[{"href":"https:\/\/www.allsences.com\/en\/wp-json\/wp\/v2\/product\/9314","targetHints":{"allow":["GET"]}}],"collection":[{"href":"https:\/\/www.allsences.com\/en\/wp-json\/wp\/v2\/product"}],"about":[{"href":"https:\/\/www.allsences.com\/en\/wp-json\/wp\/v2\/types\/product"}],"wp:featuredmedia":[{"embeddable":true,"href":"https:\/\/www.allsences.com\/en\/wp-json\/wp\/v2\/media\/9319"}],"wp:attachment":[{"href":"https:\/\/www.allsences.com\/en\/wp-json\/wp\/v2\/media?parent=9314"}],"wp:term":[{"taxonomy":"product_brand","embeddable":true,"href":"https:\/\/www.allsences.com\/en\/wp-json\/wp\/v2\/product_brand?post=9314"},{"taxonomy":"product_cat","embeddable":true,"href":"https:\/\/www.allsences.com\/en\/wp-json\/wp\/v2\/product_cat?post=9314"},{"taxonomy":"product_tag","embeddable":true,"href":"https:\/\/www.allsences.com\/en\/wp-json\/wp\/v2\/product_tag?post=9314"}],"curies":[{"name":"wp","href":"https:\/\/api.w.org\/{rel}","templated":true}]}}