{"id":9417,"date":"2023-12-16T11:34:52","date_gmt":"2023-12-16T08:34:52","guid":{"rendered":"https:\/\/www.allsences.com\/?post_type=product&#038;p=9417"},"modified":"2025-02-24T14:59:25","modified_gmt":"2025-02-24T11:59:25","slug":"allsences-stella-camouflage-pants","status":"publish","type":"product","link":"https:\/\/www.allsences.com\/en\/product\/allsences-stella-camouflage-pants\/","title":{"rendered":"Allsences Stella Camouflage Pants"},"content":{"rendered":"","protected":false},"excerpt":{"rendered":"<p>Rahatl\u0131k ve \u015f\u0131kl\u0131\u011f\u0131 bir arada sunan Stella Pantolon<br \/>\ng\u00fcnl\u00fck ya\u015fam\u0131n\u0131z\u0131n vazge\u00e7ilmez bir par\u00e7as\u0131 olacakt\u0131r.<br \/>\nYanlarda \u00fc\u00e7 kapak cepli.<br \/>\nArka bel d\u00fc\u011fme detayl\u0131 pa\u00e7adan ba\u011flamal\u0131 \u0130spanyol pa\u00e7a pantolon.<\/p>\n<p>%80 Cotton %20 Pes<br \/>\nModel Boy: 175 cm Beden: 36<\/p>\n<p><a title=\"Trendyol'da sat\u0131n al\" href=\"https:\/\/www.trendyol.com\/pd\/allsences\/stella-camouflage-pants-p-789898168?boutiqueId=61&amp;merchantId=771583&amp;filterOverPriceListings=false\" target=\"_blank\" rel=\"noopener\"><img loading=\"lazy\" decoding=\"async\" class=\"alignnone wp-image-8760\" src=\"https:\/\/www.allsences.com\/wp-content\/uploads\/2022\/11\/Trendyol_online.png\" alt=\"Trendyol'da sat\u0131n al\" width=\"181\" height=\"61\" srcset=\"https:\/\/www.allsences.com\/wp-content\/uploads\/2022\/11\/Trendyol_online.png 640w, https:\/\/www.allsences.com\/wp-content\/uploads\/2022\/11\/Trendyol_online-400x135.png 400w, https:\/\/www.allsences.com\/wp-content\/uploads\/2022\/11\/Trendyol_online-18x6.png 18w, https:\/\/www.allsences.com\/wp-content\/uploads\/2022\/11\/Trendyol_online-430x145.png 430w, https:\/\/www.allsences.com\/wp-content\/uploads\/2022\/11\/Trendyol_online-150x51.png 150w\" sizes=\"auto, (max-width: 181px) 100vw, 181px\" \/><\/a><\/p>","protected":false},"featured_media":9421,"template":"","meta":{"_sitemap_exclude":false,"_sitemap_priority":"","_sitemap_frequency":""},"product_brand":[],"product_cat":[85],"product_tag":[],"class_list":{"0":"post-9417","1":"product","2":"type-product","3":"status-publish","4":"has-post-thumbnail","6":"product_cat-long-way","8":"first","9":"instock","10":"shipping-taxable","11":"purchasable","12":"product-type-variable"},"_links":{"self":[{"href":"https:\/\/www.allsences.com\/en\/wp-json\/wp\/v2\/product\/9417","targetHints":{"allow":["GET"]}}],"collection":[{"href":"https:\/\/www.allsences.com\/en\/wp-json\/wp\/v2\/product"}],"about":[{"href":"https:\/\/www.allsences.com\/en\/wp-json\/wp\/v2\/types\/product"}],"wp:featuredmedia":[{"embeddable":true,"href":"https:\/\/www.allsences.com\/en\/wp-json\/wp\/v2\/media\/9421"}],"wp:attachment":[{"href":"https:\/\/www.allsences.com\/en\/wp-json\/wp\/v2\/media?parent=9417"}],"wp:term":[{"taxonomy":"product_brand","embeddable":true,"href":"https:\/\/www.allsences.com\/en\/wp-json\/wp\/v2\/product_brand?post=9417"},{"taxonomy":"product_cat","embeddable":true,"href":"https:\/\/www.allsences.com\/en\/wp-json\/wp\/v2\/product_cat?post=9417"},{"taxonomy":"product_tag","embeddable":true,"href":"https:\/\/www.allsences.com\/en\/wp-json\/wp\/v2\/product_tag?post=9417"}],"curies":[{"name":"wp","href":"https:\/\/api.w.org\/{rel}","templated":true}]}}