{"id":9518,"date":"2023-12-16T13:44:47","date_gmt":"2023-12-16T10:44:47","guid":{"rendered":"https:\/\/www.allsences.com\/?post_type=product&#038;p=9518"},"modified":"2024-11-07T12:52:10","modified_gmt":"2024-11-07T09:52:10","slug":"allsences-carla-leopard-crop","status":"publish","type":"product","link":"https:\/\/www.allsences.com\/en\/product\/allsences-carla-leopard-crop\/","title":{"rendered":"Allsences Carla Leopard Crop"},"content":{"rendered":"","protected":false},"excerpt":{"rendered":"<p>Her kad\u0131n\u0131n gard\u0131robunda bulunmas\u0131 gereken kullan\u0131\u015fl\u0131 ve \u015f\u0131k bir par\u00e7a.<br \/>\nLeopar desenli vatkal\u0131 crop.<\/p>\n<p>%100 Pes<br \/>\nModel Boy: 175 cm Beden: 36<\/p>\n<p><a title=\"Trendyol'da sat\u0131n al\" href=\"https:\/\/www.trendyol.com\/pd\/allsences\/carla-leopard-crop-p-789928460?boutiqueId=61&amp;merchantId=771583&amp;filterOverPriceListings=false\" target=\"_blank\" rel=\"noopener\"><img loading=\"lazy\" decoding=\"async\" class=\"alignnone wp-image-8760\" src=\"https:\/\/www.allsences.com\/wp-content\/uploads\/2022\/11\/Trendyol_online.png\" alt=\"Trendyol'da sat\u0131n al\" width=\"181\" height=\"61\" srcset=\"https:\/\/www.allsences.com\/wp-content\/uploads\/2022\/11\/Trendyol_online.png 640w, https:\/\/www.allsences.com\/wp-content\/uploads\/2022\/11\/Trendyol_online-400x135.png 400w, https:\/\/www.allsences.com\/wp-content\/uploads\/2022\/11\/Trendyol_online-18x6.png 18w, https:\/\/www.allsences.com\/wp-content\/uploads\/2022\/11\/Trendyol_online-430x145.png 430w, https:\/\/www.allsences.com\/wp-content\/uploads\/2022\/11\/Trendyol_online-150x51.png 150w\" sizes=\"auto, (max-width: 181px) 100vw, 181px\" \/><\/a><\/p>","protected":false},"featured_media":9521,"template":"","meta":{"_sitemap_exclude":false,"_sitemap_priority":"","_sitemap_frequency":""},"product_brand":[],"product_cat":[85],"product_tag":[],"class_list":{"0":"post-9518","1":"product","2":"type-product","3":"status-publish","4":"has-post-thumbnail","6":"product_cat-long-way","8":"first","9":"instock","10":"shipping-taxable","11":"purchasable","12":"product-type-variable"},"_links":{"self":[{"href":"https:\/\/www.allsences.com\/en\/wp-json\/wp\/v2\/product\/9518","targetHints":{"allow":["GET"]}}],"collection":[{"href":"https:\/\/www.allsences.com\/en\/wp-json\/wp\/v2\/product"}],"about":[{"href":"https:\/\/www.allsences.com\/en\/wp-json\/wp\/v2\/types\/product"}],"wp:featuredmedia":[{"embeddable":true,"href":"https:\/\/www.allsences.com\/en\/wp-json\/wp\/v2\/media\/9521"}],"wp:attachment":[{"href":"https:\/\/www.allsences.com\/en\/wp-json\/wp\/v2\/media?parent=9518"}],"wp:term":[{"taxonomy":"product_brand","embeddable":true,"href":"https:\/\/www.allsences.com\/en\/wp-json\/wp\/v2\/product_brand?post=9518"},{"taxonomy":"product_cat","embeddable":true,"href":"https:\/\/www.allsences.com\/en\/wp-json\/wp\/v2\/product_cat?post=9518"},{"taxonomy":"product_tag","embeddable":true,"href":"https:\/\/www.allsences.com\/en\/wp-json\/wp\/v2\/product_tag?post=9518"}],"curies":[{"name":"wp","href":"https:\/\/api.w.org\/{rel}","templated":true}]}}