{"id":9585,"date":"2023-12-16T15:00:25","date_gmt":"2023-12-16T12:00:25","guid":{"rendered":"https:\/\/www.allsences.com\/?post_type=product&#038;p=9585"},"modified":"2024-11-07T13:51:33","modified_gmt":"2024-11-07T10:51:33","slug":"allsences-leopard-shiny-skirt","status":"publish","type":"product","link":"https:\/\/www.allsences.com\/en\/product\/allsences-leopard-shiny-skirt\/","title":{"rendered":"Allsences Leopard Shiny Skirt"},"content":{"rendered":"","protected":false},"excerpt":{"rendered":"<p>Leopar desenli \u0131\u015f\u0131lt\u0131l\u0131 bir etek her zaman \u015f\u0131k ve \u00e7ekici bir se\u00e7imdir.<br \/>\nLeopar desenin canl\u0131l\u0131\u011f\u0131 ve enerjisi, \u0131\u015f\u0131lt\u0131l\u0131 kuma\u015f\u0131n l\u00fcksle birle\u015ferek g\u00f6z al\u0131c\u0131 bir g\u00f6r\u00fcn\u00fcm olu\u015fturmas\u0131n\u0131 sa\u011flar.<br \/>\nEtek yandan fermuarl\u0131, i\u00e7ten astarl\u0131, midiboy.<\/p>\n<p>%100 Pes<br \/>\nModel Boy: 175 cm Beden: 36<\/p>\n<p><a title=\"Trendyol'da sat\u0131n al\" href=\"https:\/\/www.trendyol.com\/allsences\/leopard-shiny-skirt-p-790149206?boutiqueId=61&amp;merchantId=771583&amp;filterOverPriceListings=false&amp;sav=true\" target=\"_blank\" rel=\"noopener\"><img loading=\"lazy\" decoding=\"async\" class=\"alignnone wp-image-8760\" src=\"https:\/\/www.allsences.com\/wp-content\/uploads\/2022\/11\/Trendyol_online.png\" alt=\"Trendyol'da sat\u0131n al\" width=\"181\" height=\"61\" srcset=\"https:\/\/www.allsences.com\/wp-content\/uploads\/2022\/11\/Trendyol_online.png 640w, https:\/\/www.allsences.com\/wp-content\/uploads\/2022\/11\/Trendyol_online-400x135.png 400w, https:\/\/www.allsences.com\/wp-content\/uploads\/2022\/11\/Trendyol_online-18x6.png 18w, https:\/\/www.allsences.com\/wp-content\/uploads\/2022\/11\/Trendyol_online-430x145.png 430w, https:\/\/www.allsences.com\/wp-content\/uploads\/2022\/11\/Trendyol_online-150x51.png 150w\" sizes=\"auto, (max-width: 181px) 100vw, 181px\" \/><\/a><\/p>","protected":false},"featured_media":9591,"template":"","meta":{"_sitemap_exclude":false,"_sitemap_priority":"","_sitemap_frequency":""},"product_brand":[],"product_cat":[81],"product_tag":[],"class_list":{"0":"post-9585","1":"product","2":"type-product","3":"status-publish","4":"has-post-thumbnail","6":"product_cat-new-spirit","8":"first","9":"outofstock","10":"shipping-taxable","11":"purchasable","12":"product-type-variable"},"_links":{"self":[{"href":"https:\/\/www.allsences.com\/en\/wp-json\/wp\/v2\/product\/9585","targetHints":{"allow":["GET"]}}],"collection":[{"href":"https:\/\/www.allsences.com\/en\/wp-json\/wp\/v2\/product"}],"about":[{"href":"https:\/\/www.allsences.com\/en\/wp-json\/wp\/v2\/types\/product"}],"wp:featuredmedia":[{"embeddable":true,"href":"https:\/\/www.allsences.com\/en\/wp-json\/wp\/v2\/media\/9591"}],"wp:attachment":[{"href":"https:\/\/www.allsences.com\/en\/wp-json\/wp\/v2\/media?parent=9585"}],"wp:term":[{"taxonomy":"product_brand","embeddable":true,"href":"https:\/\/www.allsences.com\/en\/wp-json\/wp\/v2\/product_brand?post=9585"},{"taxonomy":"product_cat","embeddable":true,"href":"https:\/\/www.allsences.com\/en\/wp-json\/wp\/v2\/product_cat?post=9585"},{"taxonomy":"product_tag","embeddable":true,"href":"https:\/\/www.allsences.com\/en\/wp-json\/wp\/v2\/product_tag?post=9585"}],"curies":[{"name":"wp","href":"https:\/\/api.w.org\/{rel}","templated":true}]}}