{"id":9921,"date":"2024-04-24T14:35:36","date_gmt":"2024-04-24T11:35:36","guid":{"rendered":"https:\/\/www.allsences.com\/?post_type=product&#038;p=9921"},"modified":"2025-02-24T13:54:59","modified_gmt":"2025-02-24T10:54:59","slug":"allsences-grace-blue-dress","status":"publish","type":"product","link":"https:\/\/www.allsences.com\/en\/product\/allsences-grace-blue-dress\/","title":{"rendered":"Allsences Grace Blue Dress"},"content":{"rendered":"","protected":false},"excerpt":{"rendered":"<p>Heyecan verici, s\u0131rad\u0131\u015f\u0131 tasar\u0131m.<br \/>\nS\u0131rttan ayarlan\u0131labilen ask\u0131 boyu, boyun b\u00f6lgesi aksesuarl\u0131 elbise.<\/p>\n<p>%100 Pes<br \/>\nModel Boy: 1.78 Beden: 36<\/p>","protected":false},"featured_media":9924,"template":"","meta":{"_sitemap_exclude":false,"_sitemap_priority":"","_sitemap_frequency":""},"product_brand":[],"product_cat":[82],"product_tag":[],"class_list":{"0":"post-9921","1":"product","2":"type-product","3":"status-publish","4":"has-post-thumbnail","6":"product_cat-neon-glow","8":"first","9":"instock","10":"shipping-taxable","11":"purchasable","12":"product-type-variable"},"_links":{"self":[{"href":"https:\/\/www.allsences.com\/en\/wp-json\/wp\/v2\/product\/9921","targetHints":{"allow":["GET"]}}],"collection":[{"href":"https:\/\/www.allsences.com\/en\/wp-json\/wp\/v2\/product"}],"about":[{"href":"https:\/\/www.allsences.com\/en\/wp-json\/wp\/v2\/types\/product"}],"wp:featuredmedia":[{"embeddable":true,"href":"https:\/\/www.allsences.com\/en\/wp-json\/wp\/v2\/media\/9924"}],"wp:attachment":[{"href":"https:\/\/www.allsences.com\/en\/wp-json\/wp\/v2\/media?parent=9921"}],"wp:term":[{"taxonomy":"product_brand","embeddable":true,"href":"https:\/\/www.allsences.com\/en\/wp-json\/wp\/v2\/product_brand?post=9921"},{"taxonomy":"product_cat","embeddable":true,"href":"https:\/\/www.allsences.com\/en\/wp-json\/wp\/v2\/product_cat?post=9921"},{"taxonomy":"product_tag","embeddable":true,"href":"https:\/\/www.allsences.com\/en\/wp-json\/wp\/v2\/product_tag?post=9921"}],"curies":[{"name":"wp","href":"https:\/\/api.w.org\/{rel}","templated":true}]}}